{"id":232,"date":"2023-07-04T08:39:40","date_gmt":"2023-07-04T11:39:40","guid":{"rendered":"https:\/\/jscandido.com.br\/?page_id=232"},"modified":"2023-07-04T09:00:11","modified_gmt":"2023-07-04T12:00:11","slug":"frota","status":"publish","type":"page","link":"https:\/\/jscandido.com.br\/index.php\/frota\/","title":{"rendered":"Frota"},"content":{"rendered":"\t\t<div data-elementor-type=\"wp-page\" data-elementor-id=\"232\" class=\"elementor elementor-232\" data-elementor-post-type=\"page\">\n\t\t\t\t\t\t\t\t\t<section class=\"elementor-section elementor-top-section elementor-element elementor-element-0862f9b elementor-section-boxed elementor-section-height-default elementor-section-height-default\" data-id=\"0862f9b\" data-element_type=\"section\" data-settings=\"{&quot;background_background&quot;:&quot;classic&quot;}\">\n\t\t\t\t\t\t<div class=\"elementor-container elementor-column-gap-default\">\n\t\t\t\t\t<div class=\"elementor-column elementor-col-100 elementor-top-column elementor-element elementor-element-d8d5dd1\" data-id=\"d8d5dd1\" data-element_type=\"column\">\n\t\t\t<div class=\"elementor-widget-wrap elementor-element-populated\">\n\t\t\t\t\t\t\t\t<div class=\"elementor-element elementor-element-6abf0d7 elementor-widget__width-initial elementor-widget-tablet__width-initial elementor-widget elementor-widget-heading\" data-id=\"6abf0d7\" data-element_type=\"widget\" data-widget_type=\"heading.default\">\n\t\t\t\t<div class=\"elementor-widget-container\">\n\t\t\t<style>\/*! elementor - v3.14.0 - 26-06-2023 *\/\n.elementor-heading-title{padding:0;margin:0;line-height:1}.elementor-widget-heading .elementor-heading-title[class*=elementor-size-]>a{color:inherit;font-size:inherit;line-height:inherit}.elementor-widget-heading .elementor-heading-title.elementor-size-small{font-size:15px}.elementor-widget-heading .elementor-heading-title.elementor-size-medium{font-size:19px}.elementor-widget-heading .elementor-heading-title.elementor-size-large{font-size:29px}.elementor-widget-heading .elementor-heading-title.elementor-size-xl{font-size:39px}.elementor-widget-heading .elementor-heading-title.elementor-size-xxl{font-size:59px}<\/style><h2 class=\"elementor-heading-title elementor-size-default\">Frota e servi\u00e7os<\/h2>\t\t<\/div>\n\t\t\t\t<\/div>\n\t\t\t\t<div class=\"elementor-element elementor-element-8cb56c3 elementor-widget__width-initial elementor-widget-tablet__width-initial elementor-widget elementor-widget-text-editor\" data-id=\"8cb56c3\" data-element_type=\"widget\" data-widget_type=\"text-editor.default\">\n\t\t\t\t<div class=\"elementor-widget-container\">\n\t\t\t<style>\/*! elementor - v3.14.0 - 26-06-2023 *\/\n.elementor-widget-text-editor.elementor-drop-cap-view-stacked .elementor-drop-cap{background-color:#69727d;color:#fff}.elementor-widget-text-editor.elementor-drop-cap-view-framed .elementor-drop-cap{color:#69727d;border:3px solid;background-color:transparent}.elementor-widget-text-editor:not(.elementor-drop-cap-view-default) .elementor-drop-cap{margin-top:8px}.elementor-widget-text-editor:not(.elementor-drop-cap-view-default) .elementor-drop-cap-letter{width:1em;height:1em}.elementor-widget-text-editor .elementor-drop-cap{float:left;text-align:center;line-height:1;font-size:50px}.elementor-widget-text-editor .elementor-drop-cap-letter{display:inline-block}<\/style>\t\t\t\t<p>S\u00e3o mais de 20 caminh\u00f5es pr\u00f3prios e mais de 30 agregados conectando o Brasil e o MERCOSUL.<\/p>\n<p>Nossos motoristas s\u00e3o altamente qualificados e treinados pela empresa, e com acompanhamento psicol\u00f3gico.<\/p>\n<p>Nossos caminh\u00f5es s\u00e3o rastreados via sat\u00e9lite 24h.<\/p>\t\t\t\t\t\t<\/div>\n\t\t\t\t<\/div>\n\t\t\t\t<div class=\"elementor-element elementor-element-a1ab3c2 elementor-vertical-align-middle elementor-widget__width-initial elementor-widget-mobile__width-initial elementor-widget-tablet__width-initial elementor-position-left elementor-widget elementor-widget-image-box\" data-id=\"a1ab3c2\" data-element_type=\"widget\" data-widget_type=\"image-box.default\">\n\t\t\t\t<div class=\"elementor-widget-container\">\n\t\t\t<style>\/*! elementor - v3.14.0 - 26-06-2023 *\/\n.elementor-widget-image-box .elementor-image-box-content{width:100%}@media (min-width:768px){.elementor-widget-image-box.elementor-position-left .elementor-image-box-wrapper,.elementor-widget-image-box.elementor-position-right .elementor-image-box-wrapper{display:flex}.elementor-widget-image-box.elementor-position-right .elementor-image-box-wrapper{text-align:right;flex-direction:row-reverse}.elementor-widget-image-box.elementor-position-left .elementor-image-box-wrapper{text-align:left;flex-direction:row}.elementor-widget-image-box.elementor-position-top .elementor-image-box-img{margin:auto}.elementor-widget-image-box.elementor-vertical-align-top .elementor-image-box-wrapper{align-items:flex-start}.elementor-widget-image-box.elementor-vertical-align-middle .elementor-image-box-wrapper{align-items:center}.elementor-widget-image-box.elementor-vertical-align-bottom .elementor-image-box-wrapper{align-items:flex-end}}@media (max-width:767px){.elementor-widget-image-box .elementor-image-box-img{margin-left:auto!important;margin-right:auto!important;margin-bottom:15px}}.elementor-widget-image-box .elementor-image-box-img{display:inline-block}.elementor-widget-image-box .elementor-image-box-title a{color:inherit}.elementor-widget-image-box .elementor-image-box-wrapper{text-align:center}.elementor-widget-image-box .elementor-image-box-description{margin:0}<\/style><div class=\"elementor-image-box-wrapper\"><figure class=\"elementor-image-box-img\"><img decoding=\"async\" width=\"500\" height=\"296\" src=\"https:\/\/jscandido.com.br\/wp-content\/uploads\/2023\/07\/00-e1688418055670.jpeg\" class=\"attachment-full size-full wp-image-162\" alt=\"\" loading=\"lazy\" srcset=\"https:\/\/jscandido.com.br\/wp-content\/uploads\/2023\/07\/00-e1688418055670.jpeg 500w, https:\/\/jscandido.com.br\/wp-content\/uploads\/2023\/07\/00-e1688418055670-300x178.jpeg 300w\" sizes=\"(max-width: 500px) 100vw, 500px\" \/><\/figure><div class=\"elementor-image-box-content\"><p class=\"elementor-image-box-description\">\nCom frota jovem e manuten\u00e7\u00f5es preventivas sempre em dia, mitigamos os riscos\u00a0 de paradas por problemas mec\u00e2nicos ou el\u00e9tricos.<\/p><\/div><\/div>\t\t<\/div>\n\t\t\t\t<\/div>\n\t\t\t\t<div class=\"elementor-element elementor-element-246e3bd elementor-position-right elementor-vertical-align-middle elementor-widget__width-initial elementor-widget-mobile__width-initial elementor-widget-tablet__width-initial elementor-widget elementor-widget-image-box\" data-id=\"246e3bd\" data-element_type=\"widget\" data-widget_type=\"image-box.default\">\n\t\t\t\t<div class=\"elementor-widget-container\">\n\t\t\t<div class=\"elementor-image-box-wrapper\"><figure class=\"elementor-image-box-img\"><img decoding=\"async\" width=\"500\" height=\"300\" src=\"https:\/\/jscandido.com.br\/wp-content\/uploads\/2023\/07\/00-1.jpeg\" class=\"attachment-full size-full wp-image-163\" alt=\"\" loading=\"lazy\" srcset=\"https:\/\/jscandido.com.br\/wp-content\/uploads\/2023\/07\/00-1.jpeg 500w, https:\/\/jscandido.com.br\/wp-content\/uploads\/2023\/07\/00-1-300x180.jpeg 300w\" sizes=\"(max-width: 500px) 100vw, 500px\" \/><\/figure><div class=\"elementor-image-box-content\"><p class=\"elementor-image-box-description\">Carga completa (FTL ) para segmentos metal mec\u00e2nico, automotivo,\u00a0 t\u00eaxtil, embalagens, bebidas, g\u00eaneros aliment\u00edcios, qu\u00edmico n\u00e3o classificado e cargas em geral.<\/p><\/div><\/div>\t\t<\/div>\n\t\t\t\t<\/div>\n\t\t\t\t<div class=\"elementor-element elementor-element-ca585c9 elementor-widget__width-initial elementor-widget-tablet__width-initial elementor-widget elementor-widget-text-editor\" data-id=\"ca585c9\" data-element_type=\"widget\" data-widget_type=\"text-editor.default\">\n\t\t\t\t<div class=\"elementor-widget-container\">\n\t\t\t\t\t\t\t<p><strong>Atualmente operamos com:<\/strong><\/p>\t\t\t\t\t\t<\/div>\n\t\t\t\t<\/div>\n\t\t\t\t<div class=\"elementor-element elementor-element-489db74 elementor-widget__width-initial elementor-widget-tablet__width-initial elementor-widget elementor-widget-text-editor\" data-id=\"489db74\" data-element_type=\"widget\" data-widget_type=\"text-editor.default\">\n\t\t\t\t<div class=\"elementor-widget-container\">\n\t\t\t\t\t\t\t<ul><li><strong>Carretas abertas at\u00e9 27 toneladas;<\/strong><\/li><li><strong>Carretas sider para 100 m\u00b3 e 25 toneladas;<\/strong><\/li><li><strong>Carretas ba\u00fa para 100 m\u00b3 e 25 toneladas;<\/strong><\/li><li><strong>Truck aberto para 12 toneladas<\/strong><\/li><li><strong>Truck sider para 40 m\u00b3 e 10 toneladas.<\/strong><\/li><\/ul>\t\t\t\t\t\t<\/div>\n\t\t\t\t<\/div>\n\t\t\t\t<div class=\"elementor-element elementor-element-a0ceca4 elementor-widget__width-initial elementor-widget-tablet__width-initial elementor-widget elementor-widget-text-editor\" data-id=\"a0ceca4\" data-element_type=\"widget\" data-widget_type=\"text-editor.default\">\n\t\t\t\t<div class=\"elementor-widget-container\">\n\t\t\t\t\t\t\t<p>Carga completa (FTL ) para segmentos metal mec\u00e2nico, automotivo,\u00a0 t\u00eaxtil, embalagens, bebidas, g\u00eaneros aliment\u00edcios, qu\u00edmico n\u00e3o classificado e cargas em geral.<\/p>\t\t\t\t\t\t<\/div>\n\t\t\t\t<\/div>\n\t\t\t\t\t<\/div>\n\t\t<\/div>\n\t\t\t\t\t\t\t<\/div>\n\t\t<\/section>\n\t\t\t\t<section class=\"elementor-section elementor-top-section elementor-element elementor-element-4ee78f2 elementor-section-boxed elementor-section-height-default elementor-section-height-default\" data-id=\"4ee78f2\" data-element_type=\"section\" data-settings=\"{&quot;background_background&quot;:&quot;classic&quot;}\">\n\t\t\t\t\t\t<div class=\"elementor-container elementor-column-gap-default\">\n\t\t\t\t\t<div class=\"elementor-column elementor-col-25 elementor-top-column elementor-element elementor-element-e8ba71b\" data-id=\"e8ba71b\" data-element_type=\"column\">\n\t\t\t<div class=\"elementor-widget-wrap elementor-element-populated\">\n\t\t\t\t\t\t\t\t<div class=\"elementor-element elementor-element-d95c0af elementor-widget elementor-widget-image\" data-id=\"d95c0af\" data-element_type=\"widget\" data-widget_type=\"image.default\">\n\t\t\t\t<div class=\"elementor-widget-container\">\n\t\t\t<style>\/*! elementor - v3.14.0 - 26-06-2023 *\/\n.elementor-widget-image{text-align:center}.elementor-widget-image a{display:inline-block}.elementor-widget-image a img[src$=\".svg\"]{width:48px}.elementor-widget-image img{vertical-align:middle;display:inline-block}<\/style>\t\t\t\t\t\t\t\t\t<figure class=\"wp-caption\">\n\t\t\t\t\t\t\t\t\t\t\t<a href=\"http:\/\/jscandido.com.br\/wp-content\/uploads\/2023\/07\/00-2.jpeg\" data-elementor-open-lightbox=\"yes\" data-elementor-lightbox-title=\"00 (2)\" data-e-action-hash=\"#elementor-action%3Aaction%3Dlightbox%26settings%3DeyJpZCI6MTczLCJ1cmwiOiJodHRwczpcL1wvanNjYW5kaWRvLmNvbS5iclwvd3AtY29udGVudFwvdXBsb2Fkc1wvMjAyM1wvMDdcLzAwLTIuanBlZyJ9\">\n\t\t\t\t\t\t\t<img decoding=\"async\" width=\"500\" height=\"300\" src=\"https:\/\/jscandido.com.br\/wp-content\/uploads\/2023\/07\/00-2.jpeg\" class=\"attachment-large size-large wp-image-173\" alt=\"\" loading=\"lazy\" srcset=\"https:\/\/jscandido.com.br\/wp-content\/uploads\/2023\/07\/00-2.jpeg 500w, https:\/\/jscandido.com.br\/wp-content\/uploads\/2023\/07\/00-2-300x180.jpeg 300w\" sizes=\"(max-width: 500px) 100vw, 500px\" \/>\t\t\t\t\t\t\t\t<\/a>\n\t\t\t\t\t\t\t\t\t\t\t<figcaption class=\"widget-image-caption wp-caption-text\">Sede pr\u00f3pria em Sombrio - SC<\/figcaption>\n\t\t\t\t\t\t\t\t\t\t<\/figure>\n\t\t\t\t\t\t\t\t\t<\/div>\n\t\t\t\t<\/div>\n\t\t\t\t\t<\/div>\n\t\t<\/div>\n\t\t\t\t<div class=\"elementor-column elementor-col-25 elementor-top-column elementor-element elementor-element-75b8468\" data-id=\"75b8468\" data-element_type=\"column\">\n\t\t\t<div class=\"elementor-widget-wrap elementor-element-populated\">\n\t\t\t\t\t\t\t\t<div class=\"elementor-element elementor-element-cbce56c elementor-widget elementor-widget-image\" data-id=\"cbce56c\" data-element_type=\"widget\" data-widget_type=\"image.default\">\n\t\t\t\t<div class=\"elementor-widget-container\">\n\t\t\t\t\t\t\t\t\t\t\t\t\t\t\t\t<a href=\"http:\/\/jscandido.com.br\/wp-content\/uploads\/2023\/07\/00-4.jpeg\" data-elementor-open-lightbox=\"yes\" data-elementor-lightbox-title=\"00 (4)\" data-e-action-hash=\"#elementor-action%3Aaction%3Dlightbox%26settings%3DeyJpZCI6MTcxLCJ1cmwiOiJodHRwczpcL1wvanNjYW5kaWRvLmNvbS5iclwvd3AtY29udGVudFwvdXBsb2Fkc1wvMjAyM1wvMDdcLzAwLTQuanBlZyJ9\">\n\t\t\t\t\t\t\t<img decoding=\"async\" width=\"500\" height=\"300\" src=\"https:\/\/jscandido.com.br\/wp-content\/uploads\/2023\/07\/00-4.jpeg\" class=\"attachment-large size-large wp-image-171\" alt=\"\" loading=\"lazy\" srcset=\"https:\/\/jscandido.com.br\/wp-content\/uploads\/2023\/07\/00-4.jpeg 500w, https:\/\/jscandido.com.br\/wp-content\/uploads\/2023\/07\/00-4-300x180.jpeg 300w\" sizes=\"(max-width: 500px) 100vw, 500px\" \/>\t\t\t\t\t\t\t\t<\/a>\n\t\t\t\t\t\t\t\t\t\t\t\t\t\t\t<\/div>\n\t\t\t\t<\/div>\n\t\t\t\t\t<\/div>\n\t\t<\/div>\n\t\t\t\t<div class=\"elementor-column elementor-col-25 elementor-top-column elementor-element elementor-element-7af77f8\" data-id=\"7af77f8\" data-element_type=\"column\">\n\t\t\t<div class=\"elementor-widget-wrap elementor-element-populated\">\n\t\t\t\t\t\t\t\t<div class=\"elementor-element elementor-element-09a3137 elementor-widget elementor-widget-image\" data-id=\"09a3137\" data-element_type=\"widget\" data-widget_type=\"image.default\">\n\t\t\t\t<div class=\"elementor-widget-container\">\n\t\t\t\t\t\t\t\t\t\t\t\t\t\t\t\t<a href=\"http:\/\/jscandido.com.br\/wp-content\/uploads\/2023\/07\/00-3.jpeg\" data-elementor-open-lightbox=\"yes\" data-elementor-lightbox-title=\"00 (3)\" data-e-action-hash=\"#elementor-action%3Aaction%3Dlightbox%26settings%3DeyJpZCI6MTcyLCJ1cmwiOiJodHRwczpcL1wvanNjYW5kaWRvLmNvbS5iclwvd3AtY29udGVudFwvdXBsb2Fkc1wvMjAyM1wvMDdcLzAwLTMuanBlZyJ9\">\n\t\t\t\t\t\t\t<img decoding=\"async\" width=\"500\" height=\"300\" src=\"https:\/\/jscandido.com.br\/wp-content\/uploads\/2023\/07\/00-3.jpeg\" class=\"attachment-large size-large wp-image-172\" alt=\"\" loading=\"lazy\" srcset=\"https:\/\/jscandido.com.br\/wp-content\/uploads\/2023\/07\/00-3.jpeg 500w, https:\/\/jscandido.com.br\/wp-content\/uploads\/2023\/07\/00-3-300x180.jpeg 300w\" sizes=\"(max-width: 500px) 100vw, 500px\" \/>\t\t\t\t\t\t\t\t<\/a>\n\t\t\t\t\t\t\t\t\t\t\t\t\t\t\t<\/div>\n\t\t\t\t<\/div>\n\t\t\t\t\t<\/div>\n\t\t<\/div>\n\t\t\t\t<div class=\"elementor-column elementor-col-25 elementor-top-column elementor-element elementor-element-dbc8b15\" data-id=\"dbc8b15\" data-element_type=\"column\">\n\t\t\t<div class=\"elementor-widget-wrap elementor-element-populated\">\n\t\t\t\t\t\t\t\t<div class=\"elementor-element elementor-element-6f36137 elementor-widget elementor-widget-image\" data-id=\"6f36137\" data-element_type=\"widget\" data-widget_type=\"image.default\">\n\t\t\t\t<div class=\"elementor-widget-container\">\n\t\t\t\t\t\t\t\t\t\t\t\t\t\t\t\t<a href=\"http:\/\/jscandido.com.br\/wp-content\/uploads\/2023\/07\/00-6.jpeg\" data-elementor-open-lightbox=\"yes\" data-elementor-lightbox-title=\"00 (6)\" data-e-action-hash=\"#elementor-action%3Aaction%3Dlightbox%26settings%3DeyJpZCI6MTY5LCJ1cmwiOiJodHRwczpcL1wvanNjYW5kaWRvLmNvbS5iclwvd3AtY29udGVudFwvdXBsb2Fkc1wvMjAyM1wvMDdcLzAwLTYuanBlZyJ9\">\n\t\t\t\t\t\t\t<img decoding=\"async\" width=\"500\" height=\"300\" src=\"https:\/\/jscandido.com.br\/wp-content\/uploads\/2023\/07\/00-6.jpeg\" class=\"attachment-large size-large wp-image-169\" alt=\"\" loading=\"lazy\" srcset=\"https:\/\/jscandido.com.br\/wp-content\/uploads\/2023\/07\/00-6.jpeg 500w, https:\/\/jscandido.com.br\/wp-content\/uploads\/2023\/07\/00-6-300x180.jpeg 300w\" sizes=\"(max-width: 500px) 100vw, 500px\" \/>\t\t\t\t\t\t\t\t<\/a>\n\t\t\t\t\t\t\t\t\t\t\t\t\t\t\t<\/div>\n\t\t\t\t<\/div>\n\t\t\t\t\t<\/div>\n\t\t<\/div>\n\t\t\t\t\t\t\t<\/div>\n\t\t<\/section>\n\t\t\t\t\t\t\t<\/div>\n\t\t","protected":false},"excerpt":{"rendered":"<p>Frota e servi\u00e7os S\u00e3o mais de 20 caminh\u00f5es pr\u00f3prios e mais de 30 agregados conectando o Brasil e o MERCOSUL. Nossos motoristas s\u00e3o altamente qualificados e treinados pela empresa, e com acompanhamento psicol\u00f3gico. Nossos caminh\u00f5es s\u00e3o rastreados via sat\u00e9lite 24h. Com frota jovem e manuten\u00e7\u00f5es preventivas sempre em dia, mitigamos os riscos\u00a0 de paradas por [&hellip;]<\/p>\n","protected":false},"author":1,"featured_media":0,"parent":0,"menu_order":0,"comment_status":"closed","ping_status":"closed","template":"elementor_header_footer","meta":[],"_links":{"self":[{"href":"https:\/\/jscandido.com.br\/index.php\/wp-json\/wp\/v2\/pages\/232"}],"collection":[{"href":"https:\/\/jscandido.com.br\/index.php\/wp-json\/wp\/v2\/pages"}],"about":[{"href":"https:\/\/jscandido.com.br\/index.php\/wp-json\/wp\/v2\/types\/page"}],"author":[{"embeddable":true,"href":"https:\/\/jscandido.com.br\/index.php\/wp-json\/wp\/v2\/users\/1"}],"replies":[{"embeddable":true,"href":"https:\/\/jscandido.com.br\/index.php\/wp-json\/wp\/v2\/comments?post=232"}],"version-history":[{"count":19,"href":"https:\/\/jscandido.com.br\/index.php\/wp-json\/wp\/v2\/pages\/232\/revisions"}],"predecessor-version":[{"id":257,"href":"https:\/\/jscandido.com.br\/index.php\/wp-json\/wp\/v2\/pages\/232\/revisions\/257"}],"wp:attachment":[{"href":"https:\/\/jscandido.com.br\/index.php\/wp-json\/wp\/v2\/media?parent=232"}],"curies":[{"name":"wp","href":"https:\/\/api.w.org\/{rel}","templated":true}]}}